{"id":2,"date":"2017-02-23T14:10:43","date_gmt":"2017-02-23T13:10:43","guid":{"rendered":"https:\/\/linux4afrika.de\/?page_id=2"},"modified":"2017-02-23T15:04:23","modified_gmt":"2017-02-23T14:04:23","slug":"vision","status":"publish","type":"page","link":"https:\/\/linux4afrika.de\/?page_id=2&lang=de","title":{"rendered":"Die Vision"},"content":{"rendered":"<p>Die Freiburger Open Source Software Initiative e. V. (kurz: FreiOSS.net)\u00a0setzt sich f\u00fcr die Verbreitung von Open Source auf nationaler und internationaler Ebene ein. Die meisten unserer Mitglieder sind in der IT-Branche t\u00e4tig. Erste Projekt-Installationen erfolgten 2006 in Mosambik und Tansania. Inzwischen haben wir dar\u00fcber hinaus, gemeinsam mit zuverl\u00e4ssigen Partnern vor Ort, Projekte in S\u00fcdafrika, Afghanistan und Kenia installiert.<\/p>\n<p>Weitere Informationen zum Linux Terminal Server Projekt unter: <a href=\"http:\/\/de.wikipedia.org\/wiki\/Linux_Terminal_Server_Project\" target=\"_blank\">de.wikipedia.org\/wiki\/Linux_Terminal_Server_Project<\/a><\/p>\n<p>Wir bitten alle FreiOSS Mitglieder (und nat\u00fcrlich auch G\u00e4ste, die diese Webseite besuchen), uns bei unserem Projekt zu unterst\u00fctzen.<\/p>\n","protected":false},"excerpt":{"rendered":"<p>Die Freiburger Open Source Software Initiative e. V. (kurz: FreiOSS.net)\u00a0setzt sich f\u00fcr die Verbreitung von Open Source auf nationaler und internationaler Ebene ein. Die meisten unserer Mitglieder sind in der IT-Branche t\u00e4tig. Erste Projekt-Installationen erfolgten 2006 in Mosambik und Tansania. Inzwischen haben wir dar\u00fcber hinaus, gemeinsam mit zuverl\u00e4ssigen Partnern vor Ort, Projekte in S\u00fcdafrika, Afghanistan und Kenia installiert. Weitere Informationen [&#8230;]<\/p>\n","protected":false},"author":1,"featured_media":0,"parent":0,"menu_order":0,"comment_status":"closed","ping_status":"open","template":"","meta":{"footnotes":""},"class_list":["post-2","page","type-page","status-publish","hentry"],"_links":{"self":[{"href":"https:\/\/linux4afrika.de\/index.php?rest_route=\/wp\/v2\/pages\/2","targetHints":{"allow":["GET"]}}],"collection":[{"href":"https:\/\/linux4afrika.de\/index.php?rest_route=\/wp\/v2\/pages"}],"about":[{"href":"https:\/\/linux4afrika.de\/index.php?rest_route=\/wp\/v2\/types\/page"}],"author":[{"embeddable":true,"href":"https:\/\/linux4afrika.de\/index.php?rest_route=\/wp\/v2\/users\/1"}],"replies":[{"embeddable":true,"href":"https:\/\/linux4afrika.de\/index.php?rest_route=%2Fwp%2Fv2%2Fcomments&post=2"}],"version-history":[{"count":3,"href":"https:\/\/linux4afrika.de\/index.php?rest_route=\/wp\/v2\/pages\/2\/revisions"}],"predecessor-version":[{"id":18,"href":"https:\/\/linux4afrika.de\/index.php?rest_route=\/wp\/v2\/pages\/2\/revisions\/18"}],"wp:attachment":[{"href":"https:\/\/linux4afrika.de\/index.php?rest_route=%2Fwp%2Fv2%2Fmedia&parent=2"}],"curies":[{"name":"wp","href":"https:\/\/api.w.org\/{rel}","templated":true}]}}