{"id":192,"date":"2017-03-07T12:18:48","date_gmt":"2017-03-07T11:18:48","guid":{"rendered":"https:\/\/linux4afrika.de\/?page_id=192"},"modified":"2018-01-16T15:19:05","modified_gmt":"2018-01-16T14:19:05","slug":"kontakt","status":"publish","type":"page","link":"https:\/\/linux4afrika.de\/?page_id=192&lang=de","title":{"rendered":"Kontakt"},"content":{"rendered":"<p>Gerne k\u00f6nnen Sie uns per E-Mail kontaktieren. Bitte f\u00fcllen Sie dazu das unten stehende Formular aus. Ihre Angaben werden nur zum Zweck der \u00dcbermittlung an uns verarbeitet, und nicht dauerhaft gespeichert, au\u00dfer Sie m\u00f6chten Informationen \u00fcber Aktionen des Vereins erhalten (einstellige Anzahl an E-Mails pro Jahr). Sie erhalten eine Kopie Ihrer Anfrage an die angegebene E-Mail-Adresse.<\/p>\n\n<div class=\"wpcf7 no-js\" id=\"wpcf7-f191-o1\" lang=\"de-DE\" dir=\"ltr\" data-wpcf7-id=\"191\">\n<div class=\"screen-reader-response\"><p role=\"status\" aria-live=\"polite\" aria-atomic=\"true\"><\/p> <ul><\/ul><\/div>\n<form action=\"\/index.php?rest_route=%2Fwp%2Fv2%2Fpages%2F192#wpcf7-f191-o1\" method=\"post\" class=\"wpcf7-form init\" aria-label=\"Kontaktformular\" novalidate=\"novalidate\" data-status=\"init\">\n<fieldset class=\"hidden-fields-container\"><input type=\"hidden\" name=\"_wpcf7\" value=\"191\" \/><input type=\"hidden\" name=\"_wpcf7_version\" value=\"6.1.5\" \/><input type=\"hidden\" name=\"_wpcf7_locale\" value=\"de_DE\" \/><input type=\"hidden\" name=\"_wpcf7_unit_tag\" value=\"wpcf7-f191-o1\" \/><input type=\"hidden\" name=\"_wpcf7_container_post\" value=\"0\" \/><input type=\"hidden\" name=\"_wpcf7_posted_data_hash\" value=\"\" \/><input type=\"hidden\" name=\"_wpcf7_recaptcha_response\" value=\"\" \/>\n<\/fieldset>\n<p><label> Ihr Name (Pflichtfeld)<br \/>\n<span class=\"wpcf7-form-control-wrap\" data-name=\"your-name\"><input size=\"40\" maxlength=\"400\" class=\"wpcf7-form-control wpcf7-text wpcf7-validates-as-required\" aria-required=\"true\" aria-invalid=\"false\" value=\"\" type=\"text\" name=\"your-name\" \/><\/span> <\/label>\n<\/p>\n<p><label> Ihre E-Mail-Adresse (Pflichtfeld)<br \/>\n<span class=\"wpcf7-form-control-wrap\" data-name=\"your-email\"><input size=\"40\" maxlength=\"400\" class=\"wpcf7-form-control wpcf7-email wpcf7-validates-as-required wpcf7-text wpcf7-validates-as-email\" aria-required=\"true\" aria-invalid=\"false\" value=\"\" type=\"email\" name=\"your-email\" \/><\/span> <\/label>\n<\/p>\n<p><label> Betreff<br \/>\n<span class=\"wpcf7-form-control-wrap\" data-name=\"your-subject\"><input size=\"40\" maxlength=\"400\" class=\"wpcf7-form-control wpcf7-text wpcf7-validates-as-required\" aria-required=\"true\" aria-invalid=\"false\" value=\"\" type=\"text\" name=\"your-subject\" \/><\/span> <\/label>\n<\/p>\n<p><label> Ihre Nachricht<br \/>\n<span class=\"wpcf7-form-control-wrap\" data-name=\"your-message\"><textarea cols=\"40\" rows=\"10\" maxlength=\"2000\" class=\"wpcf7-form-control wpcf7-textarea wpcf7-validates-as-required\" aria-required=\"true\" aria-invalid=\"false\" name=\"your-message\"><\/textarea><\/span> <\/label>\n<\/p>\n<p>Sind Sie an Informationen rund um den Verein und das Linux4Afrika!-Projekt interessiert? Wir haben daf\u00fcr einen E-Mail-Verteiler f\u00fcr Interessenten eingerichtet. Keine Sorge, Sie erhalten maximal eine E-Mail pro Monat von uns, und k\u00f6nnen jederzeit aus dem Verteiler wieder austreten. Nat\u00fcrlich geben wir Ihre Daten nicht an Dritte weiter.\n<\/p>\n<p><label><span class=\"wpcf7-form-control-wrap\" data-name=\"info-updates\"><span class=\"wpcf7-form-control wpcf7-checkbox\"><span class=\"wpcf7-list-item first last\"><input type=\"checkbox\" name=\"info-updates[]\" value=\"Ja, bitte informieren Sie mich gelegentlich \u00fcber Aktionen des Vereins.\" \/><span class=\"wpcf7-list-item-label\">Ja, bitte informieren Sie mich gelegentlich \u00fcber Aktionen des Vereins.<\/span><\/span><\/span><\/span><\/label>\n<\/p>\n<p><input class=\"wpcf7-form-control wpcf7-submit has-spinner\" type=\"submit\" value=\"Senden\" \/>\n<\/p><div class=\"wpcf7-response-output\" aria-hidden=\"true\"><\/div>\n<\/form>\n<\/div>\n\n","protected":false},"excerpt":{"rendered":"<p>Gerne k\u00f6nnen Sie uns per E-Mail kontaktieren. Bitte f\u00fcllen Sie dazu das unten stehende Formular aus. Ihre Angaben werden nur zum Zweck der \u00dcbermittlung an uns verarbeitet, und nicht dauerhaft gespeichert, au\u00dfer Sie m\u00f6chten Informationen \u00fcber Aktionen des Vereins erhalten (einstellige Anzahl an E-Mails pro Jahr). Sie erhalten eine Kopie Ihrer Anfrage an die angegebene E-Mail-Adresse.<\/p>\n","protected":false},"author":8,"featured_media":0,"parent":0,"menu_order":0,"comment_status":"closed","ping_status":"closed","template":"","meta":{"footnotes":""},"class_list":["post-192","page","type-page","status-publish","hentry"],"_links":{"self":[{"href":"https:\/\/linux4afrika.de\/index.php?rest_route=\/wp\/v2\/pages\/192","targetHints":{"allow":["GET"]}}],"collection":[{"href":"https:\/\/linux4afrika.de\/index.php?rest_route=\/wp\/v2\/pages"}],"about":[{"href":"https:\/\/linux4afrika.de\/index.php?rest_route=\/wp\/v2\/types\/page"}],"author":[{"embeddable":true,"href":"https:\/\/linux4afrika.de\/index.php?rest_route=\/wp\/v2\/users\/8"}],"replies":[{"embeddable":true,"href":"https:\/\/linux4afrika.de\/index.php?rest_route=%2Fwp%2Fv2%2Fcomments&post=192"}],"version-history":[{"count":3,"href":"https:\/\/linux4afrika.de\/index.php?rest_route=\/wp\/v2\/pages\/192\/revisions"}],"predecessor-version":[{"id":1342,"href":"https:\/\/linux4afrika.de\/index.php?rest_route=\/wp\/v2\/pages\/192\/revisions\/1342"}],"wp:attachment":[{"href":"https:\/\/linux4afrika.de\/index.php?rest_route=%2Fwp%2Fv2%2Fmedia&parent=192"}],"curies":[{"name":"wp","href":"https:\/\/api.w.org\/{rel}","templated":true}]}}