{"id":184,"date":"2017-03-07T12:22:12","date_gmt":"2017-03-07T11:22:12","guid":{"rendered":"https:\/\/linux4afrika.de\/?page_id=184"},"modified":"2019-10-08T09:28:56","modified_gmt":"2019-10-08T07:28:56","slug":"geld-spenden","status":"publish","type":"page","link":"https:\/\/linux4afrika.de\/?page_id=184&lang=de","title":{"rendered":"Geld spenden"},"content":{"rendered":"<p>Der eingetragene Verein <a href=\"https:\/\/freioss.net\/\" target=\"_blank\" rel=\"noopener noreferrer\">Freiburger Open Source Software Netzwerk e. V. (FreiOSS.net e. V.)<\/a> ist als gemeinn\u00fctziger Verein beim Amtsgericht Freiburg (VR 3839) eingetragen und wird beim Finanzamt Freiburg-Land unter der Steuer-Nr. 07033\/09003 gef\u00fchrt.<\/p>\n<h2>Spenden per SEPA-\u00dcberweisung<\/h2>\n<p>Ihre Spende erreicht uns \u00fcber folgende Bankverbindung:<\/p>\n<ul>\n<li>Kontoinhaber: FreiOSS.net e. V.<\/li>\n<li>IBAN: DE72 6809 0000 0021 9636 07<\/li>\n<li>BIC: GENODE61FR1\u00a0\u00a0 (Volksbank Freiburg)<\/li>\n<li>Verwendungszweck: Linux4Afrika<\/li>\n<\/ul>\n<p>Falls Sie \u00fcber eine Banking-App verf\u00fcgen, k\u00f6nnen Sie gegebenenfalls den folgenden QR-Code mit Ihrem Smartphone abfotografieren, um die Bankverbindung bequem zu \u00fcbernehmen:<\/p>\n<div id=\"attachment_186\" style=\"width: 255px\" class=\"wp-caption aligncenter\"><a href=\"bank:\/\/singlepaymentsepa?name=FREIOSS.NET%20E.%20V.&amp;reason=Linux4Afrika&amp;iban=DE72680900000021963607&amp;bic=GENODE61FR1&amp;amount=\"><img loading=\"lazy\" decoding=\"async\" aria-describedby=\"caption-attachment-186\" class=\"size-full wp-image-186\" src=\"https:\/\/linux4afrika.de\/wp-content\/uploads\/2017\/03\/girocode-freioss-linux4afrika-donation.png\" alt=\"Girocode f\u00fcr eine Spende an Linux4Afrika\" width=\"245\" height=\"245\" srcset=\"https:\/\/linux4afrika.de\/wp-content\/uploads\/2017\/03\/girocode-freioss-linux4afrika-donation.png 245w, https:\/\/linux4afrika.de\/wp-content\/uploads\/2017\/03\/girocode-freioss-linux4afrika-donation-150x150.png 150w, https:\/\/linux4afrika.de\/wp-content\/uploads\/2017\/03\/girocode-freioss-linux4afrika-donation-90x90.png 90w, https:\/\/linux4afrika.de\/wp-content\/uploads\/2017\/03\/girocode-freioss-linux4afrika-donation-75x75.png 75w\" sizes=\"auto, (max-width: 245px) 100vw, 245px\" \/><\/a><p id=\"caption-attachment-186\" class=\"wp-caption-text\">Girocode f\u00fcr eine Spende an Linux4Afrika<\/p><\/div>\n<p>Vermerken Sie bitte auf dem Zahlungsbeleg neben \u201eLinux4Afrika\u201c zus\u00e4tzlich Ihre <em>vollst\u00e4ndige Adresse<\/em>. Passt die Adresse nicht auf das Formular, senden Sie uns bitte eine E-Mail mit Ihrer Adresse. Sie erhalten dann automatisch in K\u00fcrze per Post eine Zuwendungsbest\u00e4tigung von uns. Diese Zuwendungsbest\u00e4tigung reichen Sie beim Finanzamt ein. Den Zahlungsbeleg brauchen Sie dann nicht mehr einzureichen.<\/p>\n<p>Bei Fragen <a href=\"https:\/\/linux4afrika.de\/de\/kontakt\/\">nehmen Sie bitte Kontakt mit uns auf<\/a>.<\/p>\n<h2>Spenden \u00fcber unseren Partner RESET<\/h2>\n<p>Unsere Freunde von der <a href=\"https:\/\/reset.org\/need\/7\/donate\/nojs\/donor\" target=\"_blank\" rel=\"noopener noreferrer\">Spendenplattform RESET<\/a> helfen uns ebenfalls, das Projekt finanziell zu unterst\u00fctzen. Daher k\u00f6nnen Sie uns auch sehr gerne <a href=\"https:\/\/reset.org\/need\/7\/donate\/nojs\/donor\" target=\"_blank\" rel=\"noopener noreferrer\">einen Betrag \u00fcber RESET zukommen lassen<\/a>.\u00a0RESET arbeitet gemeinn\u00fctzig und nimmt keine Geb\u00fchren f\u00fcr die Vermittlung, so dass 100 % Ihrer\u00a0Spende bei uns ankommen!<\/p>\n<p>\u2192 <a href=\"https:\/\/reset.org\/need\/7\/donate\/nojs\/donor\" target=\"_blank\" rel=\"noopener noreferrer\">Jetzt \u00fcber RESET spenden!<\/a><\/p>\n<h2>Spenden \u00fcber PayPal<\/h2>\n<p>Spenden au\u00dferhalb Deutschlands k\u00f6nnen \u00fcber Paypal erfolgen!<\/p>\n<p>TBD<\/p>\n","protected":false},"excerpt":{"rendered":"<p>Der eingetragene Verein Freiburger Open Source Software Netzwerk e. V. (FreiOSS.net e. V.) ist als gemeinn\u00fctziger Verein beim Amtsgericht Freiburg (VR 3839) eingetragen und wird beim Finanzamt Freiburg-Land unter der Steuer-Nr. 07033\/09003 gef\u00fchrt. Spenden per SEPA-\u00dcberweisung Ihre Spende erreicht uns \u00fcber folgende Bankverbindung: Kontoinhaber: FreiOSS.net e. V. IBAN: DE72 6809 0000 0021 9636 07 BIC: GENODE61FR1\u00a0\u00a0 (Volksbank Freiburg) Verwendungszweck: Linux4Afrika [&#8230;]<\/p>\n","protected":false},"author":8,"featured_media":0,"parent":166,"menu_order":0,"comment_status":"closed","ping_status":"closed","template":"","meta":{"footnotes":""},"class_list":["post-184","page","type-page","status-publish","hentry"],"_links":{"self":[{"href":"https:\/\/linux4afrika.de\/index.php?rest_route=\/wp\/v2\/pages\/184","targetHints":{"allow":["GET"]}}],"collection":[{"href":"https:\/\/linux4afrika.de\/index.php?rest_route=\/wp\/v2\/pages"}],"about":[{"href":"https:\/\/linux4afrika.de\/index.php?rest_route=\/wp\/v2\/types\/page"}],"author":[{"embeddable":true,"href":"https:\/\/linux4afrika.de\/index.php?rest_route=\/wp\/v2\/users\/8"}],"replies":[{"embeddable":true,"href":"https:\/\/linux4afrika.de\/index.php?rest_route=%2Fwp%2Fv2%2Fcomments&post=184"}],"version-history":[{"count":8,"href":"https:\/\/linux4afrika.de\/index.php?rest_route=\/wp\/v2\/pages\/184\/revisions"}],"predecessor-version":[{"id":1544,"href":"https:\/\/linux4afrika.de\/index.php?rest_route=\/wp\/v2\/pages\/184\/revisions\/1544"}],"up":[{"embeddable":true,"href":"https:\/\/linux4afrika.de\/index.php?rest_route=\/wp\/v2\/pages\/166"}],"wp:attachment":[{"href":"https:\/\/linux4afrika.de\/index.php?rest_route=%2Fwp%2Fv2%2Fmedia&parent=184"}],"curies":[{"name":"wp","href":"https:\/\/api.w.org\/{rel}","templated":true}]}}