{"id":166,"date":"2017-03-07T12:21:48","date_gmt":"2017-03-07T11:21:48","guid":{"rendered":"https:\/\/linux4afrika.de\/?page_id=166"},"modified":"2017-03-07T13:51:40","modified_gmt":"2017-03-07T12:51:40","slug":"helfen","status":"publish","type":"page","link":"https:\/\/linux4afrika.de\/?page_id=166&lang=de","title":{"rendered":"Wie Sie helfen k\u00f6nnen"},"content":{"rendered":"<p>Sie m\u00f6chten uns von FreiOSS bei unserem Linux4Afrika Projekt unterst\u00fctzen? Dar\u00fcber freuen wir uns! Neben Computer-Hardware ben\u00f6tigen wir auch Geldmittel f\u00fcr Neuanschaffungen, Transportkosten, Kosten vor Ort in Afrika.<\/p>\n<p>So k\u00f6nnen Sie uns helfen:<\/p>\n<ul>\n<li><a href=\"https:\/\/linux4afrika.de\/de\/helfen\/geld-spenden\/\">Geld spenden<\/a><\/li>\n<li><a href=\"https:\/\/linux4afrika.de\/de\/helfen\/hardware-spenden\/\">Hardware spenden<\/a><\/li>\n<li>Lagerraum zur Verf\u00fcgung stellen<\/li>\n<li><a href=\"http:\/\/freioss.net\/de\/mitgliedsantrag\">Mitmachen<\/a><\/li>\n<\/ul>\n<p>&nbsp;<\/p>\n","protected":false},"excerpt":{"rendered":"<p>Sie m\u00f6chten uns von FreiOSS bei unserem Linux4Afrika Projekt unterst\u00fctzen? Dar\u00fcber freuen wir uns! Neben Computer-Hardware ben\u00f6tigen wir auch Geldmittel f\u00fcr Neuanschaffungen, Transportkosten, Kosten vor Ort in Afrika. So k\u00f6nnen Sie uns helfen: Geld spenden Hardware spenden Lagerraum zur Verf\u00fcgung stellen Mitmachen &nbsp;<\/p>\n","protected":false},"author":8,"featured_media":0,"parent":0,"menu_order":10,"comment_status":"closed","ping_status":"closed","template":"","meta":{"footnotes":""},"class_list":["post-166","page","type-page","status-publish","hentry"],"_links":{"self":[{"href":"https:\/\/linux4afrika.de\/index.php?rest_route=\/wp\/v2\/pages\/166","targetHints":{"allow":["GET"]}}],"collection":[{"href":"https:\/\/linux4afrika.de\/index.php?rest_route=\/wp\/v2\/pages"}],"about":[{"href":"https:\/\/linux4afrika.de\/index.php?rest_route=\/wp\/v2\/types\/page"}],"author":[{"embeddable":true,"href":"https:\/\/linux4afrika.de\/index.php?rest_route=\/wp\/v2\/users\/8"}],"replies":[{"embeddable":true,"href":"https:\/\/linux4afrika.de\/index.php?rest_route=%2Fwp%2Fv2%2Fcomments&post=166"}],"version-history":[{"count":9,"href":"https:\/\/linux4afrika.de\/index.php?rest_route=\/wp\/v2\/pages\/166\/revisions"}],"predecessor-version":[{"id":218,"href":"https:\/\/linux4afrika.de\/index.php?rest_route=\/wp\/v2\/pages\/166\/revisions\/218"}],"wp:attachment":[{"href":"https:\/\/linux4afrika.de\/index.php?rest_route=%2Fwp%2Fv2%2Fmedia&parent=166"}],"curies":[{"name":"wp","href":"https:\/\/api.w.org\/{rel}","templated":true}]}}