{"id":157,"date":"2017-03-07T09:45:49","date_gmt":"2017-03-07T08:45:49","guid":{"rendered":"https:\/\/linux4afrika.de\/?page_id=157"},"modified":"2017-03-07T09:45:49","modified_gmt":"2017-03-07T08:45:49","slug":"cookies-info","status":"publish","type":"page","link":"https:\/\/linux4afrika.de\/?page_id=157&lang=de","title":{"rendered":"Informationen zur Verwendung von Cookies"},"content":{"rendered":"<p>Damit dieses Website ordnungsgem\u00e4\u00df funktioniert, legen wir manchmal kleine Dateien \u2013 sogenannte Cookies \u2013 auf Ihrem Ger\u00e4t ab.<\/p>\n<h2>Was sind Cookies?<\/h2>\n<p>Ein Cookie ist eine kleine Textdatei, die ein Webportal auf Ihrem Rechner, Tablet-Computer oder Smartphone hinterl\u00e4sst, wenn Sie es besuchen. So kann sich das Portal bestimmte Eingaben und Einstellungen (z. B. Login, Sprache, Schriftgr\u00f6\u00dfe und andere Anzeigepr\u00e4ferenzen) \u00fcber einen bestimmten Zeitraum \u201emerken\u201c, und Sie brauchen diese nicht bei jedem weiteren Besuch und beim Navigieren im Portal erneut vorzunehmen.<\/p>\n<p>Ein Cookie ist in seiner urspr\u00fcnglichen Form eine Textdatei auf einem Computer. Sie enth\u00e4lt typischerweise Daten \u00fcber besuchte Webseiten, die der Webbrowser beim Surfen im Internet speichert. Technisch handelt es sich bei einem Cookie um eine Datei, die der zeitlich beschr\u00e4nkten Archivierung von Informationen dient. Der Inhalt besteht aus mindestens zwei Bestandteilen, seinem Namen und dem Inhalt (Wert). Viele Cookies besitzen zudem ein Selbstl\u00f6schdatum. Oft werden Cookies vom Browser in Form einer lesbaren Textdatei gespeichert.<\/p>\n<p><em>(Quelle: <a href=\"https:\/\/de.wikipedia.org\/wiki\/Cookie\" target=\"_blank\">Wikipedia<\/a>)<\/em><\/p>\n<h2>Wie setzen wir Cookies ein?<\/h2>\n<p>Auf unseren Seiten verwenden wir Cookies zur Speicherung<\/p>\n<ul>\n<li>Ihrer Spracheinstellungen, damit Sie beim n\u00e4chsten Besuch die Inhalte in der richtigen Sprache angezeigt bekommen<\/li>\n<li>Ihrer etwaigen Teilnahme an einer Umfrage zur N\u00fctzlichkeit der Inhalte (damit Sie nicht erneut durch ein Pop-up-Fenster zur Beantwortung aufgefordert werden)<\/li>\n<li>Ihrer Entscheidung zur (oder gegen die) Nutzung von Cookies auf diesem Portal.<\/li>\n<li>Ihre Nutzung unserer Seite mit Hilfe der Open Source Analyse-Software\u00a0<a href=\"https:\/\/piwik.org\/\" target=\"_blank\">Piwik<\/a><\/li>\n<\/ul>\n<p>Auch einige auf unseren Seiten eingebettete Medieninhalte\u00a0verwenden Cookies zur Erstellung anonymer Statistiken \u00fcber die zuvor besuchten Seiten und die ausgew\u00e4hlten Videos.<\/p>\n<p>Die mithilfe von unseren Cookies erhobenen Informationen werden nicht dazu genutzt, Sie zu identifizieren, sofern Sie sich nicht mit Ihren Zugangsdaten eingeloggt haben.<\/p>\n<h2>Werden auch andere Cookies verwendet?<\/h2>\n<p>Auf einigen unserer Seiten oder Unterseiten k\u00f6nnen zus\u00e4tzliche oder andere Cookies als oben beschrieben zum Einsatz kommen. Drittanbeiter, deren Dienste wir auf dieser Seite verwenden, sind beispielsweise Google Fonts API.<\/p>\n<h2>Kontrolle \u00fcber Cookies<\/h2>\n<p>Sie k\u00f6nnen Cookies nach Ihren W\u00fcnschen\u00a0erlauben, auch teilweise, oder komplett unterbinden. Details dazu finden Sie\u00a0englischer Sprache unter\u00a0<a href=\"http:\/\/www.aboutcookies.org\/\" target=\"_blank\">aboutcookies.org<\/a>. Wenn Sie keine Cookies zulassen, m\u00fcssen Sie jedoch eventuell\u00a0Einschr\u00e4nkungen in der Benutzerfreundlichkeit unserer Seite in Kauf nehmen.<\/p>\n","protected":false},"excerpt":{"rendered":"<p>Damit dieses Website ordnungsgem\u00e4\u00df funktioniert, legen wir manchmal kleine Dateien \u2013 sogenannte Cookies \u2013 auf Ihrem Ger\u00e4t ab. Was sind Cookies? Ein Cookie ist eine kleine Textdatei, die ein Webportal auf Ihrem Rechner, Tablet-Computer oder Smartphone hinterl\u00e4sst, wenn Sie es besuchen. So kann sich das Portal bestimmte Eingaben und Einstellungen (z. B. Login, Sprache, Schriftgr\u00f6\u00dfe und andere Anzeigepr\u00e4ferenzen) \u00fcber einen [&#8230;]<\/p>\n","protected":false},"author":1,"featured_media":0,"parent":0,"menu_order":0,"comment_status":"closed","ping_status":"closed","template":"","meta":{"footnotes":""},"class_list":["post-157","page","type-page","status-publish","hentry"],"_links":{"self":[{"href":"https:\/\/linux4afrika.de\/index.php?rest_route=\/wp\/v2\/pages\/157","targetHints":{"allow":["GET"]}}],"collection":[{"href":"https:\/\/linux4afrika.de\/index.php?rest_route=\/wp\/v2\/pages"}],"about":[{"href":"https:\/\/linux4afrika.de\/index.php?rest_route=\/wp\/v2\/types\/page"}],"author":[{"embeddable":true,"href":"https:\/\/linux4afrika.de\/index.php?rest_route=\/wp\/v2\/users\/1"}],"replies":[{"embeddable":true,"href":"https:\/\/linux4afrika.de\/index.php?rest_route=%2Fwp%2Fv2%2Fcomments&post=157"}],"version-history":[{"count":1,"href":"https:\/\/linux4afrika.de\/index.php?rest_route=\/wp\/v2\/pages\/157\/revisions"}],"predecessor-version":[{"id":158,"href":"https:\/\/linux4afrika.de\/index.php?rest_route=\/wp\/v2\/pages\/157\/revisions\/158"}],"wp:attachment":[{"href":"https:\/\/linux4afrika.de\/index.php?rest_route=%2Fwp%2Fv2%2Fmedia&parent=157"}],"curies":[{"name":"wp","href":"https:\/\/api.w.org\/{rel}","templated":true}]}}